{"id":5644,"date":"2022-07-29T11:20:57","date_gmt":"2022-07-29T15:20:57","guid":{"rendered":"https:\/\/www.raem.com.br\/?page_id=5644"},"modified":"2023-01-18T15:18:02","modified_gmt":"2023-01-18T19:18:02","slug":"lentilha","status":"publish","type":"page","link":"https:\/\/www.raem.com.br\/?page_id=5644","title":{"rendered":"Lentilha"},"content":{"rendered":"\t\t<div data-elementor-type=\"wp-page\" data-elementor-id=\"5644\" class=\"elementor elementor-5644\">\n\t\t\t\t\t\t\t<div class=\"elementor-element elementor-element-11bb718 e-con-full e-con\" data-id=\"11bb718\" data-element_type=\"container\" data-settings=\"{&quot;content_width&quot;:&quot;full&quot;,&quot;background_background&quot;:&quot;classic&quot;}\">\n\t\t\t\t<div class=\"elementor-element elementor-element-364d8ab elementor-widget elementor-widget-heading\" data-id=\"364d8ab\" data-element_type=\"widget\" data-widget_type=\"heading.default\">\n\t\t\t\t<div class=\"elementor-widget-container\">\n\t\t\t<style>\/*! elementor - v3.10.1 - 17-01-2023 *\/\n.elementor-heading-title{padding:0;margin:0;line-height:1}.elementor-widget-heading .elementor-heading-title[class*=elementor-size-]>a{color:inherit;font-size:inherit;line-height:inherit}.elementor-widget-heading .elementor-heading-title.elementor-size-small{font-size:15px}.elementor-widget-heading .elementor-heading-title.elementor-size-medium{font-size:19px}.elementor-widget-heading .elementor-heading-title.elementor-size-large{font-size:29px}.elementor-widget-heading .elementor-heading-title.elementor-size-xl{font-size:39px}.elementor-widget-heading .elementor-heading-title.elementor-size-xxl{font-size:59px}<\/style><h2 class=\"elementor-heading-title elementor-size-default\">Lentilha<\/h2>\t\t<\/div>\n\t\t\t\t<\/div>\n\t\t\t\t<\/div>\n\t\t<div class=\"elementor-element elementor-element-d15443a e-con-boxed e-con\" data-id=\"d15443a\" data-element_type=\"container\" data-settings=\"{&quot;content_width&quot;:&quot;boxed&quot;}\">\n\t\t\t\t\t<div class=\"e-con-inner\">\n\t\t\t\t<div class=\"elementor-element elementor-element-40b826f elementor-widget elementor-widget-image\" data-id=\"40b826f\" data-element_type=\"widget\" data-widget_type=\"image.default\">\n\t\t\t\t<div class=\"elementor-widget-container\">\n\t\t\t<style>\/*! elementor - v3.10.1 - 17-01-2023 *\/\n.elementor-widget-image{text-align:center}.elementor-widget-image a{display:inline-block}.elementor-widget-image a img[src$=\".svg\"]{width:48px}.elementor-widget-image img{vertical-align:middle;display:inline-block}<\/style>\t\t\t\t\t\t\t\t\t\t\t\t<img decoding=\"async\" width=\"800\" height=\"220\" src=\"https:\/\/www.raem.com.br\/wp-content\/uploads\/2022\/06\/LOGO-RAEM-1024x282.png\" class=\"attachment-large size-large wp-image-5816\" alt=\"\" loading=\"lazy\" srcset=\"https:\/\/www.raem.com.br\/wp-content\/uploads\/2022\/06\/LOGO-RAEM-1024x282.png 1024w, https:\/\/www.raem.com.br\/wp-content\/uploads\/2022\/06\/LOGO-RAEM-300x83.png 300w, https:\/\/www.raem.com.br\/wp-content\/uploads\/2022\/06\/LOGO-RAEM-768x212.png 768w, https:\/\/www.raem.com.br\/wp-content\/uploads\/2022\/06\/LOGO-RAEM.png 1071w\" sizes=\"(max-width: 800px) 100vw, 800px\" \/>\t\t\t\t\t\t\t\t\t\t\t\t\t\t\t<\/div>\n\t\t\t\t<\/div>\n\t\t\t\t<div class=\"elementor-element elementor-element-c08e9ad elementor-widget elementor-widget-text-editor\" data-id=\"c08e9ad\" data-element_type=\"widget\" data-widget_type=\"text-editor.default\">\n\t\t\t\t<div class=\"elementor-widget-container\">\n\t\t\t<style>\/*! elementor - v3.10.1 - 17-01-2023 *\/\n.elementor-widget-text-editor.elementor-drop-cap-view-stacked .elementor-drop-cap{background-color:#818a91;color:#fff}.elementor-widget-text-editor.elementor-drop-cap-view-framed .elementor-drop-cap{color:#818a91;border:3px solid;background-color:transparent}.elementor-widget-text-editor:not(.elementor-drop-cap-view-default) .elementor-drop-cap{margin-top:8px}.elementor-widget-text-editor:not(.elementor-drop-cap-view-default) .elementor-drop-cap-letter{width:1em;height:1em}.elementor-widget-text-editor .elementor-drop-cap{float:left;text-align:center;line-height:1;font-size:50px}.elementor-widget-text-editor .elementor-drop-cap-letter{display:inline-block}<\/style>\t\t\t\t<p><b>Modelo:<\/b>\u00a0Circular<\/p><p><b>Material: <\/b>Injetado em Termopl\u00e1stico Polietileno (PEBD)<\/p><p><b>Cores: <\/b>Natural e Preto<\/p><p><b>Marca: <\/b>SAF<\/p>\t\t\t\t\t\t<\/div>\n\t\t\t\t<\/div>\n\t\t<div class=\"elementor-element elementor-element-8053bc7 e-con-boxed e-con\" data-id=\"8053bc7\" data-element_type=\"container\" data-settings=\"{&quot;content_width&quot;:&quot;boxed&quot;}\">\n\t\t\t\t\t<div class=\"e-con-inner\">\n\t\t<div class=\"elementor-element elementor-element-cdb0a1e e-con-full e-con\" data-id=\"cdb0a1e\" data-element_type=\"container\" data-settings=\"{&quot;content_width&quot;:&quot;full&quot;}\">\n\t\t\t\t<div class=\"elementor-element elementor-element-c6cbb11 elementor-widget elementor-widget-button\" data-id=\"c6cbb11\" data-element_type=\"widget\" data-widget_type=\"button.default\">\n\t\t\t\t<div class=\"elementor-widget-container\">\n\t\t\t\t\t<div class=\"elementor-button-wrapper\">\n\t\t\t<a href=\"https:\/\/www.raem.com.br\/wp-content\/uploads\/2023\/01\/Catalogo_GRUPOSAF_Final.pdf\" class=\"elementor-button-link elementor-button elementor-size-sm\" role=\"button\">\n\t\t\t\t\t\t<span class=\"elementor-button-content-wrapper\">\n\t\t\t\t\t\t<span class=\"elementor-button-text\">Baixar Cat\u00e1logo<\/span>\n\t\t<\/span>\n\t\t\t\t\t<\/a>\n\t\t<\/div>\n\t\t\t\t<\/div>\n\t\t\t\t<\/div>\n\t\t\t\t<div class=\"elementor-element elementor-element-9cf5592 elementor-widget elementor-widget-button\" data-id=\"9cf5592\" data-element_type=\"widget\" data-widget_type=\"button.default\">\n\t\t\t\t<div class=\"elementor-widget-container\">\n\t\t\t\t\t<div class=\"elementor-button-wrapper\">\n\t\t\t<a href=\"https:\/\/api.whatsapp.com\/send?phone=5538999030634&#038;text=Ol%C3%A1%2C%20tudo%20bem%3F%20Vim%20pelo%20site%20da%20Leenia.%20Gostaria%20de%20saber%20um%20pouco%20mais%20sobre%20os%20produtos!\" class=\"elementor-button-link elementor-button elementor-size-sm\" role=\"button\">\n\t\t\t\t\t\t<span class=\"elementor-button-content-wrapper\">\n\t\t\t\t\t\t<span class=\"elementor-button-text\">Or\u00e7amento!<\/span>\n\t\t<\/span>\n\t\t\t\t\t<\/a>\n\t\t<\/div>\n\t\t\t\t<\/div>\n\t\t\t\t<\/div>\n\t\t\t\t<\/div>\n\t\t<div class=\"elementor-element elementor-element-6032e87 e-con-boxed e-con\" data-id=\"6032e87\" data-element_type=\"container\" data-settings=\"{&quot;content_width&quot;:&quot;boxed&quot;}\">\n\t\t\t\t\t<div class=\"e-con-inner\">\n\t\t\t\t<div class=\"elementor-element elementor-element-6598fb3 elementor-widget elementor-widget-image\" data-id=\"6598fb3\" data-element_type=\"widget\" data-widget_type=\"image.default\">\n\t\t\t\t<div class=\"elementor-widget-container\">\n\t\t\t\t\t\t\t\t\t\t\t\t\t\t\t<img decoding=\"async\" width=\"800\" height=\"92\" src=\"https:\/\/www.raem.com.br\/wp-content\/uploads\/2022\/07\/4-1-1024x118.png\" class=\"attachment-large size-large wp-image-5649\" alt=\"\" loading=\"lazy\" srcset=\"https:\/\/www.raem.com.br\/wp-content\/uploads\/2022\/07\/4-1-1024x118.png 1024w, https:\/\/www.raem.com.br\/wp-content\/uploads\/2022\/07\/4-1-300x35.png 300w, https:\/\/www.raem.com.br\/wp-content\/uploads\/2022\/07\/4-1-768x89.png 768w, https:\/\/www.raem.com.br\/wp-content\/uploads\/2022\/07\/4-1.png 1412w\" sizes=\"(max-width: 800px) 100vw, 800px\" \/>\t\t\t\t\t\t\t\t\t\t\t\t\t\t\t<\/div>\n\t\t\t\t<\/div>\n\t\t\t\t\t<\/div>\n\t\t\t\t<\/div>\n\t\t\t\t\t<\/div>\n\t\t\t\t<\/div>\n\t\t\t\t\t<\/div>\n\t\t\t\t<\/div>\n\t\t<div class=\"elementor-element elementor-element-9951753 e-con-boxed e-con\" data-id=\"9951753\" data-element_type=\"container\" data-settings=\"{&quot;content_width&quot;:&quot;boxed&quot;}\">\n\t\t\t\t\t<div class=\"e-con-inner\">\n\t\t<div class=\"elementor-element elementor-element-c57c0e5 e-con-boxed e-con\" data-id=\"c57c0e5\" data-element_type=\"container\" data-settings=\"{&quot;content_width&quot;:&quot;boxed&quot;}\">\n\t\t\t\t\t<div class=\"e-con-inner\">\n\t\t<div class=\"elementor-element elementor-element-4a45697 e-con-full e-con\" data-id=\"4a45697\" data-element_type=\"container\" data-settings=\"{&quot;content_width&quot;:&quot;full&quot;}\">\n\t\t\t\t<div class=\"elementor-element elementor-element-e9d956c elementor-widget elementor-widget-image\" data-id=\"e9d956c\" data-element_type=\"widget\" data-widget_type=\"image.default\">\n\t\t\t\t<div class=\"elementor-widget-container\">\n\t\t\t\t\t\t\t\t\t\t\t\t\t\t\t<img decoding=\"async\" width=\"800\" height=\"255\" src=\"https:\/\/www.raem.com.br\/wp-content\/uploads\/2022\/07\/5-1-1024x327.png\" class=\"attachment-large size-large wp-image-5653\" alt=\"\" loading=\"lazy\" srcset=\"https:\/\/www.raem.com.br\/wp-content\/uploads\/2022\/07\/5-1-1024x327.png 1024w, https:\/\/www.raem.com.br\/wp-content\/uploads\/2022\/07\/5-1-300x96.png 300w, https:\/\/www.raem.com.br\/wp-content\/uploads\/2022\/07\/5-1-768x245.png 768w, https:\/\/www.raem.com.br\/wp-content\/uploads\/2022\/07\/5-1.png 1277w\" sizes=\"(max-width: 800px) 100vw, 800px\" \/>\t\t\t\t\t\t\t\t\t\t\t\t\t\t\t<\/div>\n\t\t\t\t<\/div>\n\t\t\t\t<\/div>\n\t\t<div class=\"elementor-element elementor-element-86fac24 e-con-full e-con\" data-id=\"86fac24\" data-element_type=\"container\" data-settings=\"{&quot;content_width&quot;:&quot;full&quot;}\">\n\t\t\t\t<div class=\"elementor-element elementor-element-0dfd6cc elementor-widget elementor-widget-image\" data-id=\"0dfd6cc\" data-element_type=\"widget\" data-widget_type=\"image.default\">\n\t\t\t\t<div class=\"elementor-widget-container\">\n\t\t\t\t\t\t\t\t\t\t\t\t\t\t\t<img decoding=\"async\" width=\"286\" height=\"493\" src=\"https:\/\/www.raem.com.br\/wp-content\/uploads\/2022\/07\/6-1.png\" class=\"attachment-large size-large wp-image-5654\" alt=\"\" loading=\"lazy\" srcset=\"https:\/\/www.raem.com.br\/wp-content\/uploads\/2022\/07\/6-1.png 286w, https:\/\/www.raem.com.br\/wp-content\/uploads\/2022\/07\/6-1-174x300.png 174w\" sizes=\"(max-width: 286px) 100vw, 286px\" \/>\t\t\t\t\t\t\t\t\t\t\t\t\t\t\t<\/div>\n\t\t\t\t<\/div>\n\t\t\t\t<\/div>\n\t\t\t\t\t<\/div>\n\t\t\t\t<\/div>\n\t\t\t\t\t<\/div>\n\t\t\t\t<\/div>\n\t\t\t\t\t\t\t<\/div>\n\t\t","protected":false},"excerpt":{"rendered":"<p>Lentilha Modelo:\u00a0Circular Material: Injetado em Termopl\u00e1stico Polietileno (PEBD) Cores: Natural e Preto Marca: SAF Baixar Cat\u00e1logo Or\u00e7amento!<\/p>\n","protected":false},"author":4,"featured_media":0,"parent":0,"menu_order":0,"comment_status":"closed","ping_status":"closed","template":"elementor_header_footer","meta":[],"_links":{"self":[{"href":"https:\/\/www.raem.com.br\/index.php?rest_route=\/wp\/v2\/pages\/5644"}],"collection":[{"href":"https:\/\/www.raem.com.br\/index.php?rest_route=\/wp\/v2\/pages"}],"about":[{"href":"https:\/\/www.raem.com.br\/index.php?rest_route=\/wp\/v2\/types\/page"}],"author":[{"embeddable":true,"href":"https:\/\/www.raem.com.br\/index.php?rest_route=\/wp\/v2\/users\/4"}],"replies":[{"embeddable":true,"href":"https:\/\/www.raem.com.br\/index.php?rest_route=%2Fwp%2Fv2%2Fcomments&post=5644"}],"version-history":[{"count":0,"href":"https:\/\/www.raem.com.br\/index.php?rest_route=\/wp\/v2\/pages\/5644\/revisions"}],"wp:attachment":[{"href":"https:\/\/www.raem.com.br\/index.php?rest_route=%2Fwp%2Fv2%2Fmedia&parent=5644"}],"curies":[{"name":"wp","href":"https:\/\/api.w.org\/{rel}","templated":true}]}}