{"id":5622,"date":"2022-07-29T11:10:56","date_gmt":"2022-07-29T15:10:56","guid":{"rendered":"https:\/\/www.raem.com.br\/?page_id=5622"},"modified":"2023-01-18T15:17:45","modified_gmt":"2023-01-18T19:17:45","slug":"arr","status":"publish","type":"page","link":"https:\/\/www.raem.com.br\/?page_id=5622","title":{"rendered":"Arruela"},"content":{"rendered":"\t\t<div data-elementor-type=\"wp-page\" data-elementor-id=\"5622\" class=\"elementor elementor-5622\">\n\t\t\t\t\t\t\t<div class=\"elementor-element elementor-element-a05cafc e-con-full e-con\" data-id=\"a05cafc\" data-element_type=\"container\" data-settings=\"{&quot;content_width&quot;:&quot;full&quot;,&quot;background_background&quot;:&quot;classic&quot;}\">\n\t\t\t\t<div class=\"elementor-element elementor-element-8e81146 elementor-widget elementor-widget-heading\" data-id=\"8e81146\" data-element_type=\"widget\" data-widget_type=\"heading.default\">\n\t\t\t\t<div class=\"elementor-widget-container\">\n\t\t\t<style>\/*! elementor - v3.10.1 - 17-01-2023 *\/\n.elementor-heading-title{padding:0;margin:0;line-height:1}.elementor-widget-heading .elementor-heading-title[class*=elementor-size-]>a{color:inherit;font-size:inherit;line-height:inherit}.elementor-widget-heading .elementor-heading-title.elementor-size-small{font-size:15px}.elementor-widget-heading .elementor-heading-title.elementor-size-medium{font-size:19px}.elementor-widget-heading .elementor-heading-title.elementor-size-large{font-size:29px}.elementor-widget-heading .elementor-heading-title.elementor-size-xl{font-size:39px}.elementor-widget-heading .elementor-heading-title.elementor-size-xxl{font-size:59px}<\/style><h2 class=\"elementor-heading-title elementor-size-default\">Arruela<\/h2>\t\t<\/div>\n\t\t\t\t<\/div>\n\t\t\t\t<\/div>\n\t\t<div class=\"elementor-element elementor-element-abf9da9 e-con-boxed e-con\" data-id=\"abf9da9\" data-element_type=\"container\" data-settings=\"{&quot;content_width&quot;:&quot;boxed&quot;}\">\n\t\t\t\t\t<div class=\"e-con-inner\">\n\t\t\t\t<div class=\"elementor-element elementor-element-3a88186 elementor-widget elementor-widget-image\" data-id=\"3a88186\" data-element_type=\"widget\" data-widget_type=\"image.default\">\n\t\t\t\t<div class=\"elementor-widget-container\">\n\t\t\t<style>\/*! elementor - v3.10.1 - 17-01-2023 *\/\n.elementor-widget-image{text-align:center}.elementor-widget-image a{display:inline-block}.elementor-widget-image a img[src$=\".svg\"]{width:48px}.elementor-widget-image img{vertical-align:middle;display:inline-block}<\/style>\t\t\t\t\t\t\t\t\t\t\t\t<img decoding=\"async\" width=\"800\" height=\"220\" src=\"https:\/\/www.raem.com.br\/wp-content\/uploads\/2022\/06\/LOGO-RAEM-1024x282.png\" class=\"attachment-large size-large wp-image-5816\" alt=\"\" loading=\"lazy\" srcset=\"https:\/\/www.raem.com.br\/wp-content\/uploads\/2022\/06\/LOGO-RAEM-1024x282.png 1024w, https:\/\/www.raem.com.br\/wp-content\/uploads\/2022\/06\/LOGO-RAEM-300x83.png 300w, https:\/\/www.raem.com.br\/wp-content\/uploads\/2022\/06\/LOGO-RAEM-768x212.png 768w, https:\/\/www.raem.com.br\/wp-content\/uploads\/2022\/06\/LOGO-RAEM.png 1071w\" sizes=\"(max-width: 800px) 100vw, 800px\" \/>\t\t\t\t\t\t\t\t\t\t\t\t\t\t\t<\/div>\n\t\t\t\t<\/div>\n\t\t\t\t<div class=\"elementor-element elementor-element-740a2d6 elementor-widget elementor-widget-text-editor\" data-id=\"740a2d6\" data-element_type=\"widget\" data-widget_type=\"text-editor.default\">\n\t\t\t\t<div class=\"elementor-widget-container\">\n\t\t\t<style>\/*! elementor - v3.10.1 - 17-01-2023 *\/\n.elementor-widget-text-editor.elementor-drop-cap-view-stacked .elementor-drop-cap{background-color:#818a91;color:#fff}.elementor-widget-text-editor.elementor-drop-cap-view-framed .elementor-drop-cap{color:#818a91;border:3px solid;background-color:transparent}.elementor-widget-text-editor:not(.elementor-drop-cap-view-default) .elementor-drop-cap{margin-top:8px}.elementor-widget-text-editor:not(.elementor-drop-cap-view-default) .elementor-drop-cap-letter{width:1em;height:1em}.elementor-widget-text-editor .elementor-drop-cap{float:left;text-align:center;line-height:1;font-size:50px}.elementor-widget-text-editor .elementor-drop-cap-letter{display:inline-block}<\/style>\t\t\t\t<p><b>Modelo:<\/b>\u00a0Circular<\/p><p><b>Material: <\/b>Injetado em Termopl\u00e1stico Polietileno (PEBD) e Policloreto de vinil (PVC) &#8211; Conforme ABNT NBR 8194<\/p><p><b>Marca: <\/b>SAF<\/p>\t\t\t\t\t\t<\/div>\n\t\t\t\t<\/div>\n\t\t<div class=\"elementor-element elementor-element-2fbd563 e-con-boxed e-con\" data-id=\"2fbd563\" data-element_type=\"container\" data-settings=\"{&quot;content_width&quot;:&quot;boxed&quot;}\">\n\t\t\t\t\t<div class=\"e-con-inner\">\n\t\t<div class=\"elementor-element elementor-element-e1d4b27 e-con-full e-con\" data-id=\"e1d4b27\" data-element_type=\"container\" data-settings=\"{&quot;content_width&quot;:&quot;full&quot;}\">\n\t\t\t\t<div class=\"elementor-element elementor-element-d93e562 elementor-widget elementor-widget-button\" data-id=\"d93e562\" data-element_type=\"widget\" data-widget_type=\"button.default\">\n\t\t\t\t<div class=\"elementor-widget-container\">\n\t\t\t\t\t<div class=\"elementor-button-wrapper\">\n\t\t\t<a href=\"https:\/\/www.raem.com.br\/wp-content\/uploads\/2023\/01\/Catalogo_GRUPOSAF_Final.pdf\" class=\"elementor-button-link elementor-button elementor-size-sm\" role=\"button\">\n\t\t\t\t\t\t<span class=\"elementor-button-content-wrapper\">\n\t\t\t\t\t\t<span class=\"elementor-button-text\">Baixar Cat\u00e1logo<\/span>\n\t\t<\/span>\n\t\t\t\t\t<\/a>\n\t\t<\/div>\n\t\t\t\t<\/div>\n\t\t\t\t<\/div>\n\t\t\t\t<div class=\"elementor-element elementor-element-56b5ead elementor-widget elementor-widget-button\" data-id=\"56b5ead\" data-element_type=\"widget\" data-widget_type=\"button.default\">\n\t\t\t\t<div class=\"elementor-widget-container\">\n\t\t\t\t\t<div class=\"elementor-button-wrapper\">\n\t\t\t<a href=\"https:\/\/api.whatsapp.com\/send?phone=5538999030634&#038;text=Ol%C3%A1%2C%20tudo%20bem%3F%20Vim%20pelo%20site%20da%20Leenia.%20Gostaria%20de%20saber%20um%20pouco%20mais%20sobre%20os%20produtos!\" class=\"elementor-button-link elementor-button elementor-size-sm\" role=\"button\">\n\t\t\t\t\t\t<span class=\"elementor-button-content-wrapper\">\n\t\t\t\t\t\t<span class=\"elementor-button-text\">Or\u00e7amento!<\/span>\n\t\t<\/span>\n\t\t\t\t\t<\/a>\n\t\t<\/div>\n\t\t\t\t<\/div>\n\t\t\t\t<\/div>\n\t\t\t\t<\/div>\n\t\t<div class=\"elementor-element elementor-element-2f5b094 e-con-boxed e-con\" data-id=\"2f5b094\" data-element_type=\"container\" data-settings=\"{&quot;content_width&quot;:&quot;boxed&quot;}\">\n\t\t\t\t\t<div class=\"e-con-inner\">\n\t\t\t\t<div class=\"elementor-element elementor-element-3901868 elementor-widget elementor-widget-image\" data-id=\"3901868\" data-element_type=\"widget\" data-widget_type=\"image.default\">\n\t\t\t\t<div class=\"elementor-widget-container\">\n\t\t\t\t\t\t\t\t\t\t\t\t\t\t\t<img decoding=\"async\" width=\"800\" height=\"102\" src=\"https:\/\/www.raem.com.br\/wp-content\/uploads\/2022\/07\/1-1-1024x131.png\" class=\"attachment-large size-large wp-image-5632\" alt=\"\" loading=\"lazy\" srcset=\"https:\/\/www.raem.com.br\/wp-content\/uploads\/2022\/07\/1-1-1024x131.png 1024w, https:\/\/www.raem.com.br\/wp-content\/uploads\/2022\/07\/1-1-300x38.png 300w, https:\/\/www.raem.com.br\/wp-content\/uploads\/2022\/07\/1-1-768x98.png 768w, https:\/\/www.raem.com.br\/wp-content\/uploads\/2022\/07\/1-1.png 1285w\" sizes=\"(max-width: 800px) 100vw, 800px\" \/>\t\t\t\t\t\t\t\t\t\t\t\t\t\t\t<\/div>\n\t\t\t\t<\/div>\n\t\t\t\t\t<\/div>\n\t\t\t\t<\/div>\n\t\t\t\t\t<\/div>\n\t\t\t\t<\/div>\n\t\t\t\t\t<\/div>\n\t\t\t\t<\/div>\n\t\t<div class=\"elementor-element elementor-element-a19d676 e-con-boxed e-con\" data-id=\"a19d676\" data-element_type=\"container\" data-settings=\"{&quot;content_width&quot;:&quot;boxed&quot;}\">\n\t\t\t\t\t<div class=\"e-con-inner\">\n\t\t<div class=\"elementor-element elementor-element-99fb331 e-con-boxed e-con\" data-id=\"99fb331\" data-element_type=\"container\" data-settings=\"{&quot;content_width&quot;:&quot;boxed&quot;}\">\n\t\t\t\t\t<div class=\"e-con-inner\">\n\t\t<div class=\"elementor-element elementor-element-a0ab2a9 e-con-full e-con\" data-id=\"a0ab2a9\" data-element_type=\"container\" data-settings=\"{&quot;content_width&quot;:&quot;full&quot;}\">\n\t\t\t\t<div class=\"elementor-element elementor-element-70aaae9 elementor-widget elementor-widget-image\" data-id=\"70aaae9\" data-element_type=\"widget\" data-widget_type=\"image.default\">\n\t\t\t\t<div class=\"elementor-widget-container\">\n\t\t\t\t\t\t\t\t\t\t\t\t\t\t\t<img decoding=\"async\" width=\"800\" height=\"224\" src=\"https:\/\/www.raem.com.br\/wp-content\/uploads\/2022\/07\/2-1-1024x287.png\" class=\"attachment-large size-large wp-image-5636\" alt=\"\" loading=\"lazy\" srcset=\"https:\/\/www.raem.com.br\/wp-content\/uploads\/2022\/07\/2-1-1024x287.png 1024w, https:\/\/www.raem.com.br\/wp-content\/uploads\/2022\/07\/2-1-300x84.png 300w, https:\/\/www.raem.com.br\/wp-content\/uploads\/2022\/07\/2-1-768x215.png 768w, https:\/\/www.raem.com.br\/wp-content\/uploads\/2022\/07\/2-1.png 1279w\" sizes=\"(max-width: 800px) 100vw, 800px\" \/>\t\t\t\t\t\t\t\t\t\t\t\t\t\t\t<\/div>\n\t\t\t\t<\/div>\n\t\t\t\t<\/div>\n\t\t<div class=\"elementor-element elementor-element-f3579e4 e-con-full e-con\" data-id=\"f3579e4\" data-element_type=\"container\" data-settings=\"{&quot;content_width&quot;:&quot;full&quot;}\">\n\t\t\t\t<div class=\"elementor-element elementor-element-eb609ed elementor-widget elementor-widget-image\" data-id=\"eb609ed\" data-element_type=\"widget\" data-widget_type=\"image.default\">\n\t\t\t\t<div class=\"elementor-widget-container\">\n\t\t\t\t\t\t\t\t\t\t\t\t\t\t\t<img decoding=\"async\" width=\"800\" height=\"490\" src=\"https:\/\/www.raem.com.br\/wp-content\/uploads\/2022\/07\/3-1.png\" class=\"attachment-large size-large wp-image-5637\" alt=\"\" loading=\"lazy\" srcset=\"https:\/\/www.raem.com.br\/wp-content\/uploads\/2022\/07\/3-1.png 877w, https:\/\/www.raem.com.br\/wp-content\/uploads\/2022\/07\/3-1-300x184.png 300w, https:\/\/www.raem.com.br\/wp-content\/uploads\/2022\/07\/3-1-768x470.png 768w\" sizes=\"(max-width: 800px) 100vw, 800px\" \/>\t\t\t\t\t\t\t\t\t\t\t\t\t\t\t<\/div>\n\t\t\t\t<\/div>\n\t\t\t\t<\/div>\n\t\t\t\t\t<\/div>\n\t\t\t\t<\/div>\n\t\t\t\t\t<\/div>\n\t\t\t\t<\/div>\n\t\t\t\t\t\t\t<\/div>\n\t\t","protected":false},"excerpt":{"rendered":"<p>Arruela Modelo:\u00a0Circular Material: Injetado em Termopl\u00e1stico Polietileno (PEBD) e Policloreto de vinil (PVC) &#8211; Conforme ABNT NBR 8194 Marca: SAF Baixar Cat\u00e1logo Or\u00e7amento!<\/p>\n","protected":false},"author":4,"featured_media":0,"parent":0,"menu_order":0,"comment_status":"closed","ping_status":"closed","template":"elementor_header_footer","meta":[],"_links":{"self":[{"href":"https:\/\/www.raem.com.br\/index.php?rest_route=\/wp\/v2\/pages\/5622"}],"collection":[{"href":"https:\/\/www.raem.com.br\/index.php?rest_route=\/wp\/v2\/pages"}],"about":[{"href":"https:\/\/www.raem.com.br\/index.php?rest_route=\/wp\/v2\/types\/page"}],"author":[{"embeddable":true,"href":"https:\/\/www.raem.com.br\/index.php?rest_route=\/wp\/v2\/users\/4"}],"replies":[{"embeddable":true,"href":"https:\/\/www.raem.com.br\/index.php?rest_route=%2Fwp%2Fv2%2Fcomments&post=5622"}],"version-history":[{"count":0,"href":"https:\/\/www.raem.com.br\/index.php?rest_route=\/wp\/v2\/pages\/5622\/revisions"}],"wp:attachment":[{"href":"https:\/\/www.raem.com.br\/index.php?rest_route=%2Fwp%2Fv2%2Fmedia&parent=5622"}],"curies":[{"name":"wp","href":"https:\/\/api.w.org\/{rel}","templated":true}]}}