{"id":4333,"date":"2022-07-15T11:02:00","date_gmt":"2022-07-15T15:02:00","guid":{"rendered":"https:\/\/www.raem.com.br\/?page_id=4333"},"modified":"2023-01-18T13:52:51","modified_gmt":"2023-01-18T17:52:51","slug":"politica-de-privacidade","status":"publish","type":"page","link":"https:\/\/www.raem.com.br\/?page_id=4333","title":{"rendered":"Pol\u00edtica de Privacidade"},"content":{"rendered":"\t\t<div data-elementor-type=\"wp-page\" data-elementor-id=\"4333\" class=\"elementor elementor-4333\">\n\t\t\t\t\t\t\t<div class=\"elementor-element elementor-element-cc49169 e-con-full e-con\" data-id=\"cc49169\" data-element_type=\"container\" data-settings=\"{&quot;content_width&quot;:&quot;full&quot;}\">\n\t\t<div class=\"elementor-element elementor-element-c094064 e-con-full e-con\" data-id=\"c094064\" data-element_type=\"container\" data-settings=\"{&quot;content_width&quot;:&quot;full&quot;}\">\n\t\t\t\t<div class=\"elementor-element elementor-element-8f86bcc elementor-widget__width-inherit elementor-widget elementor-widget-image-carousel\" data-id=\"8f86bcc\" data-element_type=\"widget\" data-settings=\"{&quot;slides_to_show&quot;:&quot;1&quot;,&quot;autoplay_speed&quot;:3000,&quot;speed&quot;:1000,&quot;navigation&quot;:&quot;none&quot;,&quot;autoplay&quot;:&quot;yes&quot;,&quot;pause_on_hover&quot;:&quot;yes&quot;,&quot;pause_on_interaction&quot;:&quot;yes&quot;,&quot;infinite&quot;:&quot;yes&quot;,&quot;effect&quot;:&quot;slide&quot;}\" data-widget_type=\"image-carousel.default\">\n\t\t\t\t<div class=\"elementor-widget-container\">\n\t\t\t<style>\/*! elementor - v3.10.1 - 17-01-2023 *\/\n.elementor-widget-image-carousel .swiper-container{position:static}.elementor-widget-image-carousel .swiper-container .swiper-slide figure{line-height:inherit}.elementor-widget-image-carousel .swiper-slide{text-align:center}.elementor-image-carousel-wrapper:not(.swiper-container-initialized) .swiper-slide{max-width:calc(100% \/ var(--e-image-carousel-slides-to-show, 3))}<\/style>\t\t<div class=\"elementor-image-carousel-wrapper swiper-container\" dir=\"ltr\">\n\t\t\t<div class=\"elementor-image-carousel swiper-wrapper swiper-image-stretch\">\n\t\t\t\t\t\t\t\t<div class=\"swiper-slide\"><figure class=\"swiper-slide-inner\"><img decoding=\"async\" class=\"swiper-slide-image\" src=\"https:\/\/www.raem.com.br\/wp-content\/uploads\/2022\/07\/CAPA-DO-SITE-22.png\" alt=\"CAPA DO SITE 22\" \/><\/figure><\/div>\t\t\t<\/div>\n\t\t\t\t\t<\/div>\n\t\t\t\t<\/div>\n\t\t\t\t<\/div>\n\t\t\t\t<\/div>\n\t\t\t\t<\/div>\n\t\t<div class=\"elementor-element elementor-element-d3459b2 e-con-boxed e-con\" data-id=\"d3459b2\" data-element_type=\"container\" data-settings=\"{&quot;content_width&quot;:&quot;boxed&quot;}\">\n\t\t\t\t\t<div class=\"e-con-inner\">\n\t\t<div class=\"elementor-element elementor-element-ea8b1ac e-con-full e-con\" data-id=\"ea8b1ac\" data-element_type=\"container\" data-settings=\"{&quot;content_width&quot;:&quot;full&quot;}\">\n\t\t\t\t<div class=\"elementor-element elementor-element-6e9aa9f elementor-widget elementor-widget-heading\" data-id=\"6e9aa9f\" data-element_type=\"widget\" data-widget_type=\"heading.default\">\n\t\t\t\t<div class=\"elementor-widget-container\">\n\t\t\t<style>\/*! elementor - v3.10.1 - 17-01-2023 *\/\n.elementor-heading-title{padding:0;margin:0;line-height:1}.elementor-widget-heading .elementor-heading-title[class*=elementor-size-]>a{color:inherit;font-size:inherit;line-height:inherit}.elementor-widget-heading .elementor-heading-title.elementor-size-small{font-size:15px}.elementor-widget-heading .elementor-heading-title.elementor-size-medium{font-size:19px}.elementor-widget-heading .elementor-heading-title.elementor-size-large{font-size:29px}.elementor-widget-heading .elementor-heading-title.elementor-size-xl{font-size:39px}.elementor-widget-heading .elementor-heading-title.elementor-size-xxl{font-size:59px}<\/style><h2 class=\"elementor-heading-title elementor-size-default\">Pol\u00edtica de Privacidade<\/h2>\t\t<\/div>\n\t\t\t\t<\/div>\n\t\t\t\t<div class=\"elementor-element elementor-element-4afe30e elementor-widget elementor-widget-text-editor\" data-id=\"4afe30e\" data-element_type=\"widget\" data-widget_type=\"text-editor.default\">\n\t\t\t\t<div class=\"elementor-widget-container\">\n\t\t\t<style>\/*! elementor - v3.10.1 - 17-01-2023 *\/\n.elementor-widget-text-editor.elementor-drop-cap-view-stacked .elementor-drop-cap{background-color:#818a91;color:#fff}.elementor-widget-text-editor.elementor-drop-cap-view-framed .elementor-drop-cap{color:#818a91;border:3px solid;background-color:transparent}.elementor-widget-text-editor:not(.elementor-drop-cap-view-default) .elementor-drop-cap{margin-top:8px}.elementor-widget-text-editor:not(.elementor-drop-cap-view-default) .elementor-drop-cap-letter{width:1em;height:1em}.elementor-widget-text-editor .elementor-drop-cap{float:left;text-align:center;line-height:1;font-size:50px}.elementor-widget-text-editor .elementor-drop-cap-letter{display:inline-block}<\/style>\t\t\t\t<p>Na Raem Produtos Injetados, privacidade e seguran\u00e7a s\u00e3o prioridades e nos comprometemos com a transpar\u00eancia do tratamento de dados pessoais dos nossos usu\u00e1rios\/clientes. Por isso, esta presente Pol\u00edtica de Privacidade estabelece como \u00e9 feita a coleta, uso e transfer\u00eancia de informa\u00e7\u00f5es de clientes ou outras pessoas que acessam ou usam nosso site.<\/p>\n<p>Ao utilizar nossos servi\u00e7os, voc\u00ea entende que coletaremos e usaremos suas informa\u00e7\u00f5es pessoais nas formas descritas nesta Pol\u00edtica, sob as normas da Constitui\u00e7\u00e3o Federal de 1988 (art. 5\u00ba, LXXIX; e o art. 22\u00ba, XXX \u2013 inclu\u00eddos pela EC 115\/2022),&nbsp;das&nbsp;normas de Prote\u00e7\u00e3o de Dados (LGPD, Lei Federal 13.709\/2018), das disposi\u00e7\u00f5es consumeristas da Lei Federal 8078\/1990 e as demais normas do ordenamento jur\u00eddico brasileiro aplic\u00e1veis.<\/p>\t\t\t\t\t\t<\/div>\n\t\t\t\t<\/div>\n\t\t\t\t<\/div>\n\t\t\t\t\t<\/div>\n\t\t\t\t<\/div>\n\t\t\t\t\t\t\t<\/div>\n\t\t","protected":false},"excerpt":{"rendered":"<p>Pol\u00edtica de Privacidade Na Raem Produtos Injetados, privacidade e seguran\u00e7a s\u00e3o prioridades e nos comprometemos com a transpar\u00eancia do tratamento de dados pessoais dos nossos usu\u00e1rios\/clientes. Por isso, esta presente Pol\u00edtica de Privacidade estabelece como \u00e9 feita a coleta, uso e transfer\u00eancia de informa\u00e7\u00f5es de clientes ou outras pessoas que acessam ou usam nosso site. [&hellip;]<\/p>\n","protected":false},"author":4,"featured_media":0,"parent":0,"menu_order":0,"comment_status":"closed","ping_status":"closed","template":"elementor_header_footer","meta":[],"_links":{"self":[{"href":"https:\/\/www.raem.com.br\/index.php?rest_route=\/wp\/v2\/pages\/4333"}],"collection":[{"href":"https:\/\/www.raem.com.br\/index.php?rest_route=\/wp\/v2\/pages"}],"about":[{"href":"https:\/\/www.raem.com.br\/index.php?rest_route=\/wp\/v2\/types\/page"}],"author":[{"embeddable":true,"href":"https:\/\/www.raem.com.br\/index.php?rest_route=\/wp\/v2\/users\/4"}],"replies":[{"embeddable":true,"href":"https:\/\/www.raem.com.br\/index.php?rest_route=%2Fwp%2Fv2%2Fcomments&post=4333"}],"version-history":[{"count":0,"href":"https:\/\/www.raem.com.br\/index.php?rest_route=\/wp\/v2\/pages\/4333\/revisions"}],"wp:attachment":[{"href":"https:\/\/www.raem.com.br\/index.php?rest_route=%2Fwp%2Fv2%2Fmedia&parent=4333"}],"curies":[{"name":"wp","href":"https:\/\/api.w.org\/{rel}","templated":true}]}}