{"id":4056,"date":"2022-07-13T13:03:20","date_gmt":"2022-07-13T17:03:20","guid":{"rendered":"https:\/\/www.raem.com.br\/?page_id=4056"},"modified":"2023-01-18T15:52:08","modified_gmt":"2023-01-18T19:52:08","slug":"a-empresa","status":"publish","type":"page","link":"https:\/\/www.raem.com.br\/?page_id=4056","title":{"rendered":"A Empresa"},"content":{"rendered":"\t\t<div data-elementor-type=\"wp-page\" data-elementor-id=\"4056\" class=\"elementor elementor-4056\">\n\t\t\t\t\t\t\t<div class=\"elementor-element elementor-element-999c294 e-con-full e-con\" data-id=\"999c294\" data-element_type=\"container\" data-settings=\"{&quot;content_width&quot;:&quot;full&quot;,&quot;background_background&quot;:&quot;classic&quot;}\">\n\t\t<div class=\"elementor-element elementor-element-f5ad70e e-con-full e-con\" data-id=\"f5ad70e\" data-element_type=\"container\" data-settings=\"{&quot;content_width&quot;:&quot;full&quot;}\">\n\t\t\t\t<div class=\"elementor-element elementor-element-5056ad8 elementor-widget elementor-widget-image\" data-id=\"5056ad8\" data-element_type=\"widget\" data-widget_type=\"image.default\">\n\t\t\t\t<div class=\"elementor-widget-container\">\n\t\t\t<style>\/*! elementor - v3.10.1 - 17-01-2023 *\/\n.elementor-widget-image{text-align:center}.elementor-widget-image a{display:inline-block}.elementor-widget-image a img[src$=\".svg\"]{width:48px}.elementor-widget-image img{vertical-align:middle;display:inline-block}<\/style>\t\t\t\t\t\t\t\t\t\t\t\t<img decoding=\"async\" width=\"800\" height=\"220\" src=\"https:\/\/www.raem.com.br\/wp-content\/uploads\/2022\/06\/LOGO-RAEM-1024x282.png\" class=\"attachment-large size-large wp-image-5816\" alt=\"\" loading=\"lazy\" srcset=\"https:\/\/www.raem.com.br\/wp-content\/uploads\/2022\/06\/LOGO-RAEM-1024x282.png 1024w, https:\/\/www.raem.com.br\/wp-content\/uploads\/2022\/06\/LOGO-RAEM-300x83.png 300w, https:\/\/www.raem.com.br\/wp-content\/uploads\/2022\/06\/LOGO-RAEM-768x212.png 768w, https:\/\/www.raem.com.br\/wp-content\/uploads\/2022\/06\/LOGO-RAEM.png 1071w\" sizes=\"(max-width: 800px) 100vw, 800px\" \/>\t\t\t\t\t\t\t\t\t\t\t\t\t\t\t<\/div>\n\t\t\t\t<\/div>\n\t\t\t\t<\/div>\n\t\t\t\t<\/div>\n\t\t<div class=\"elementor-element elementor-element-07d9073 e-con-boxed e-con\" data-id=\"07d9073\" data-element_type=\"container\" data-settings=\"{&quot;background_background&quot;:&quot;classic&quot;,&quot;content_width&quot;:&quot;boxed&quot;}\">\n\t\t\t\t\t<div class=\"e-con-inner\">\n\t\t<div class=\"elementor-element elementor-element-59aa67b e-con-full e-con\" data-id=\"59aa67b\" data-element_type=\"container\" data-settings=\"{&quot;content_width&quot;:&quot;full&quot;}\">\n\t\t\t\t<div class=\"elementor-element elementor-element-33cf2c5 elementor-widget elementor-widget-heading\" data-id=\"33cf2c5\" data-element_type=\"widget\" data-widget_type=\"heading.default\">\n\t\t\t\t<div class=\"elementor-widget-container\">\n\t\t\t<style>\/*! elementor - v3.10.1 - 17-01-2023 *\/\n.elementor-heading-title{padding:0;margin:0;line-height:1}.elementor-widget-heading .elementor-heading-title[class*=elementor-size-]>a{color:inherit;font-size:inherit;line-height:inherit}.elementor-widget-heading .elementor-heading-title.elementor-size-small{font-size:15px}.elementor-widget-heading .elementor-heading-title.elementor-size-medium{font-size:19px}.elementor-widget-heading .elementor-heading-title.elementor-size-large{font-size:29px}.elementor-widget-heading .elementor-heading-title.elementor-size-xl{font-size:39px}.elementor-widget-heading .elementor-heading-title.elementor-size-xxl{font-size:59px}<\/style><h2 class=\"elementor-heading-title elementor-size-default\">Conhe\u00e7a um pouco mais sobre a Raem...<\/h2>\t\t<\/div>\n\t\t\t\t<\/div>\n\t\t\t\t<div class=\"elementor-element elementor-element-6566dc1 elementor-widget elementor-widget-text-editor\" data-id=\"6566dc1\" data-element_type=\"widget\" data-widget_type=\"text-editor.default\">\n\t\t\t\t<div class=\"elementor-widget-container\">\n\t\t\t<style>\/*! elementor - v3.10.1 - 17-01-2023 *\/\n.elementor-widget-text-editor.elementor-drop-cap-view-stacked .elementor-drop-cap{background-color:#818a91;color:#fff}.elementor-widget-text-editor.elementor-drop-cap-view-framed .elementor-drop-cap{color:#818a91;border:3px solid;background-color:transparent}.elementor-widget-text-editor:not(.elementor-drop-cap-view-default) .elementor-drop-cap{margin-top:8px}.elementor-widget-text-editor:not(.elementor-drop-cap-view-default) .elementor-drop-cap-letter{width:1em;height:1em}.elementor-widget-text-editor .elementor-drop-cap{float:left;text-align:center;line-height:1;font-size:50px}.elementor-widget-text-editor .elementor-drop-cap-letter{display:inline-block}<\/style>\t\t\t\t<p>A Raem possui em seu quadro de s\u00f3cios profissionais que possuem mais de 22 (Vinte e dois) anos de experi\u00eancia e conhecimento em solu\u00e7\u00f5es de produtos para&nbsp;<span style=\"color: var( --e-global-color-text ); font-family: var( --e-global-typography-text-font-family ), Sans-serif; font-weight: var( --e-global-typography-text-font-weight ); font-size: 1rem;\">instala\u00e7\u00f5es hidr\u00e1ulicas e embalagens para \u00f3culos, fabricados&nbsp;<\/span><span style=\"color: var( --e-global-color-text ); font-family: var( --e-global-typography-text-font-family ), Sans-serif; font-weight: var( --e-global-typography-text-font-weight ); font-size: 1rem;\">em pl\u00e1stico injet\u00e1vel. Atuamos com seriedade, transpar\u00eancia e sobretudo, respeito. Prezamos sempre pela qualidade do atendimento, estando prontos para atender e satisfazer as necessidades dos nossos clientes. Nossa Pol\u00edtica da Qualidade assegura o atendimento das necessidades e expectativas das partes interessadas, por meio da melhoria cont\u00ednua da qualidade dos processos de fabrica\u00e7\u00e3o e comercializa\u00e7\u00e3o de produtos e servi\u00e7os.<\/span><\/p>\t\t\t\t\t\t<\/div>\n\t\t\t\t<\/div>\n\t\t\t\t<\/div>\n\t\t\t\t\t<\/div>\n\t\t\t\t<\/div>\n\t\t<div class=\"elementor-element elementor-element-6e98dfa e-con-boxed e-con\" data-id=\"6e98dfa\" data-element_type=\"container\" data-settings=\"{&quot;background_background&quot;:&quot;classic&quot;,&quot;content_width&quot;:&quot;boxed&quot;}\">\n\t\t\t\t\t<div class=\"e-con-inner\">\n\t\t<div class=\"elementor-element elementor-element-5dac01a e-con-full e-con\" data-id=\"5dac01a\" data-element_type=\"container\" data-settings=\"{&quot;content_width&quot;:&quot;full&quot;}\">\n\t\t\t\t<div class=\"elementor-element elementor-element-90e39b4 elementor-widget elementor-widget-heading\" data-id=\"90e39b4\" data-element_type=\"widget\" data-widget_type=\"heading.default\">\n\t\t\t\t<div class=\"elementor-widget-container\">\n\t\t\t<h2 class=\"elementor-heading-title elementor-size-default\">Conhe\u00e7a um pouco mais sobre nosso portif\u00f3lio!<\/h2>\t\t<\/div>\n\t\t\t\t<\/div>\n\t\t\t\t<\/div>\n\t\t<div class=\"elementor-element elementor-element-cb58fc0 e-con-full e-con\" data-id=\"cb58fc0\" data-element_type=\"container\" data-settings=\"{&quot;background_background&quot;:&quot;classic&quot;,&quot;content_width&quot;:&quot;full&quot;}\">\n\t\t\t\t<div class=\"elementor-element elementor-element-05af20b elementor-mobile-align-center elementor-invisible elementor-widget elementor-widget-button\" data-id=\"05af20b\" data-element_type=\"widget\" data-settings=\"{&quot;_animation&quot;:&quot;fadeInUp&quot;}\" data-widget_type=\"button.default\">\n\t\t\t\t<div class=\"elementor-widget-container\">\n\t\t\t\t\t<div class=\"elementor-button-wrapper\">\n\t\t\t<a href=\"https:\/\/www.raem.com.br\/wp-content\/uploads\/2023\/01\/Catalogo_GRUPOSAF_Final.pdf\" class=\"elementor-button-link elementor-button elementor-size-sm\" role=\"button\">\n\t\t\t\t\t\t<span class=\"elementor-button-content-wrapper\">\n\t\t\t\t\t\t<span class=\"elementor-button-text\">Baixar agora!<\/span>\n\t\t<\/span>\n\t\t\t\t\t<\/a>\n\t\t<\/div>\n\t\t\t\t<\/div>\n\t\t\t\t<\/div>\n\t\t\t\t<\/div>\n\t\t\t\t\t<\/div>\n\t\t\t\t<\/div>\n\t\t\t\t\t\t\t<\/div>\n\t\t","protected":false},"excerpt":{"rendered":"<p>Conhe\u00e7a um pouco mais sobre a Raem&#8230; A Raem possui em seu quadro de s\u00f3cios profissionais que possuem mais de 22 (Vinte e dois) anos de experi\u00eancia e conhecimento em solu\u00e7\u00f5es de produtos para&nbsp;instala\u00e7\u00f5es hidr\u00e1ulicas e embalagens para \u00f3culos, fabricados&nbsp;em pl\u00e1stico injet\u00e1vel. Atuamos com seriedade, transpar\u00eancia e sobretudo, respeito. Prezamos sempre pela qualidade do atendimento, [&hellip;]<\/p>\n","protected":false},"author":4,"featured_media":0,"parent":0,"menu_order":0,"comment_status":"closed","ping_status":"closed","template":"elementor_header_footer","meta":[],"_links":{"self":[{"href":"https:\/\/www.raem.com.br\/index.php?rest_route=\/wp\/v2\/pages\/4056"}],"collection":[{"href":"https:\/\/www.raem.com.br\/index.php?rest_route=\/wp\/v2\/pages"}],"about":[{"href":"https:\/\/www.raem.com.br\/index.php?rest_route=\/wp\/v2\/types\/page"}],"author":[{"embeddable":true,"href":"https:\/\/www.raem.com.br\/index.php?rest_route=\/wp\/v2\/users\/4"}],"replies":[{"embeddable":true,"href":"https:\/\/www.raem.com.br\/index.php?rest_route=%2Fwp%2Fv2%2Fcomments&post=4056"}],"version-history":[{"count":0,"href":"https:\/\/www.raem.com.br\/index.php?rest_route=\/wp\/v2\/pages\/4056\/revisions"}],"wp:attachment":[{"href":"https:\/\/www.raem.com.br\/index.php?rest_route=%2Fwp%2Fv2%2Fmedia&parent=4056"}],"curies":[{"name":"wp","href":"https:\/\/api.w.org\/{rel}","templated":true}]}}